{"id":7604,"date":"2021-10-15T13:19:26","date_gmt":"2021-10-15T10:19:26","guid":{"rendered":"http:\/\/demo.milscint.com\/otonomTetron\/?page_id=7604"},"modified":"2024-08-20T14:49:59","modified_gmt":"2024-08-20T11:49:59","slug":"news","status":"publish","type":"page","link":"https:\/\/tetron.com.tr\/en\/news\/","title":{"rendered":"News"},"content":{"rendered":"<div data-elementor-type=\"wp-page\" data-elementor-id=\"7604\" class=\"elementor elementor-7604\" data-elementor-settings=\"[]\">\n\t\t\t\t\t\t\t<div class=\"elementor-section-wrap\">\n\t\t\t\t\t\t\t<section class=\"elementor-section elementor-top-section elementor-element elementor-element-2a5bd1e4 elementor-section-boxed elementor-section-height-default elementor-section-height-default\" data-id=\"2a5bd1e4\" data-element_type=\"section\">\n\t\t\t\t\t\t<div class=\"elementor-container elementor-column-gap-wider\">\n\t\t\t\t\t<div class=\"elementor-column elementor-col-100 elementor-top-column elementor-element elementor-element-3f45c113\" data-id=\"3f45c113\" data-element_type=\"column\">\n\t\t\t<div class=\"elementor-widget-wrap elementor-element-populated\">\n\t\t\t\t\t\t\t\t<div class=\"elementor-element elementor-element-ac6608e elementor-widget__width-initial elementor-widget-tablet__width-initial elementor-widget elementor-widget-heading\" data-id=\"ac6608e\" data-element_type=\"widget\" data-widget_type=\"heading.default\">\n\t\t\t\t<div class=\"elementor-widget-container\">\n\t\t\t<h1 class=\"elementor-heading-title elementor-size-default\">News<\/h1>\t\t<\/div>\n\t\t\t\t<\/div>\n\t\t\t\t<div class=\"elementor-element elementor-element-b12ce0e elementor-widget__width-initial elementor-hidden-mobile elementor-widget elementor-widget-text-editor\" data-id=\"b12ce0e\" data-element_type=\"widget\" data-widget_type=\"text-editor.default\">\n\t\t\t\t<div class=\"elementor-widget-container\">\n\t\t\t\t\t\t\t<a href=\"javascript:history.back()\"><i aria-hidden=\"true\" class=\"icomoon-the7-font-the7-arrow-30\"><\/i><\/a>\t\t\t\t\t\t<\/div>\n\t\t\t\t<\/div>\n\t\t\t\t\t<\/div>\n\t\t<\/div>\n\t\t\t\t\t\t\t<\/div>\n\t\t<\/section>\n\t\t\t\t<section class=\"elementor-section elementor-top-section elementor-element elementor-element-89284a8 elementor-section-boxed elementor-section-height-default elementor-section-height-default\" data-id=\"89284a8\" data-element_type=\"section\" data-settings=\"{&quot;background_background&quot;:&quot;classic&quot;}\">\n\t\t\t\t\t\t<div class=\"elementor-container elementor-column-gap-wider\">\n\t\t\t\t\t<div class=\"elementor-column elementor-col-100 elementor-top-column elementor-element elementor-element-0069195\" data-id=\"0069195\" data-element_type=\"column\">\n\t\t\t<div class=\"elementor-widget-wrap elementor-element-populated\">\n\t\t\t\t\t\t\t\t<div class=\"elementor-element elementor-element-0e34f15 elementor-widget elementor-widget-heading\" data-id=\"0e34f15\" data-element_type=\"widget\" data-widget_type=\"heading.default\">\n\t\t\t\t<div class=\"elementor-widget-container\">\n\t\t\t<h2 class=\"elementor-heading-title elementor-size-default\">11 June 2019<\/h2>\t\t<\/div>\n\t\t\t\t<\/div>\n\t\t\t\t<div class=\"elementor-element elementor-element-1e779f2 elementor-widget__width-initial elementor-widget elementor-widget-heading\" data-id=\"1e779f2\" data-element_type=\"widget\" data-widget_type=\"heading.default\">\n\t\t\t\t<div class=\"elementor-widget-container\">\n\t\t\t<h2 class=\"elementor-heading-title elementor-size-default translation-block\">Otonom Technology <span class=\"paint-accent-color\">TETRON\u00ae<\/span><span>Promises More with the New Power Unit<\/span><span><\/span><\/h2>\t\t<\/div>\n\t\t\t\t<\/div>\n\t\t\t\t\t<\/div>\n\t\t<\/div>\n\t\t\t\t\t\t\t<\/div>\n\t\t<\/section>\n\t\t\t\t<section class=\"elementor-section elementor-top-section elementor-element elementor-element-ff3b94b elementor-hidden-desktop elementor-hidden-tablet elementor-section-boxed elementor-section-height-default elementor-section-height-default\" data-id=\"ff3b94b\" data-element_type=\"section\">\n\t\t\t\t\t\t<div class=\"elementor-container elementor-column-gap-default\">\n\t\t\t\t\t<div class=\"elementor-column elementor-col-100 elementor-top-column elementor-element elementor-element-8c6defb\" data-id=\"8c6defb\" data-element_type=\"column\">\n\t\t\t<div class=\"elementor-widget-wrap elementor-element-populated\">\n\t\t\t\t\t\t\t\t<div class=\"elementor-element elementor-element-de0d935 elementor-widget__width-initial elementor-fixed elementor-widget-mobile__width-initial elementor-widget elementor-widget-accordion\" data-id=\"de0d935\" data-element_type=\"widget\" data-settings=\"{&quot;_position&quot;:&quot;fixed&quot;}\" data-widget_type=\"accordion.default\">\n\t\t\t\t<div class=\"elementor-widget-container\">\n\t\t\t\t\t<div class=\"elementor-accordion\" role=\"tablist\">\n\t\t\t\t\t\t\t<div class=\"elementor-accordion-item\">\n\t\t\t\t\t<div id=\"elementor-tab-title-2321\" class=\"elementor-tab-title\" data-tab=\"1\" role=\"tab\" aria-controls=\"elementor-tab-content-2321\" aria-expanded=\"false\">\n\t\t\t\t\t\t\t\t\t\t\t\t\t<span class=\"elementor-accordion-icon elementor-accordion-icon-right\" aria-hidden=\"true\">\n\t\t\t\t\t\t\t\t\t\t\t\t\t\t\t<span class=\"elementor-accordion-icon-closed\"><i class=\"fas fa-envelope\"><\/i><\/span>\n\t\t\t\t\t\t\t\t<span class=\"elementor-accordion-icon-opened\"><i class=\"fas fa-envelope-open\"><\/i><\/span>\n\t\t\t\t\t\t\t\t\t\t\t\t\t\t<\/span>\n\t\t\t\t\t\t\t\t\t\t\t\t<a class=\"elementor-accordion-title\" href=\"\">Get a Quote !<\/a>\n\t\t\t\t\t<\/div>\n\t\t\t\t\t<div id=\"elementor-tab-content-2321\" class=\"elementor-tab-content elementor-clearfix\" data-tab=\"1\" role=\"tabpanel\" aria-labelledby=\"elementor-tab-title-2321\">Lorem ipsum dolor sit amet, consectetur adipiscing elit. Ut elit tellus, luctus nec ullamcorper mattis, pulvinar dapibus leo.<\/div>\n\t\t\t\t<\/div>\n\t\t\t\t\t\t\t<div class=\"elementor-accordion-item\">\n\t\t\t\t\t<div id=\"elementor-tab-title-2322\" class=\"elementor-tab-title\" data-tab=\"2\" role=\"tab\" aria-controls=\"elementor-tab-content-2322\" aria-expanded=\"false\">\n\t\t\t\t\t\t\t\t\t\t\t\t\t<span class=\"elementor-accordion-icon elementor-accordion-icon-right\" aria-hidden=\"true\">\n\t\t\t\t\t\t\t\t\t\t\t\t\t\t\t<span class=\"elementor-accordion-icon-closed\"><i class=\"fas fa-envelope\"><\/i><\/span>\n\t\t\t\t\t\t\t\t<span class=\"elementor-accordion-icon-opened\"><i class=\"fas fa-envelope-open\"><\/i><\/span>\n\t\t\t\t\t\t\t\t\t\t\t\t\t\t<\/span>\n\t\t\t\t\t\t\t\t\t\t\t\t<a class=\"elementor-accordion-title\" href=\"\">Get a Quote!<\/a>\n\t\t\t\t\t<\/div>\n\t\t\t\t\t<div id=\"elementor-tab-content-2322\" class=\"elementor-tab-content elementor-clearfix\" data-tab=\"2\" role=\"tabpanel\" aria-labelledby=\"elementor-tab-title-2322\"><div style=\"display: flex; flex-direction: column; align-items: center;\">\n<p style=\"text-align: center;\" class=\" translation-block\">Contact us for a quote or for more information about <span class=\"paint-accent-color\">TETRON<\/span>!<\/p>\n\n<div style=\"border: 1px solid white; width: 70%;\">\n<p style=\"text-align: center; padding-top: 15px;\"><a style=\"text-decoration: none; color: white; font-size: 17pt;\" href=\"https:\/\/tetron.com.tr\/en\/contact\/\">CONTACT<\/a><\/p>\n\n<\/div>\n<\/div><\/div>\n\t\t\t\t<\/div>\n\t\t\t\t\t\t\t\t<\/div>\n\t\t\t\t<\/div>\n\t\t\t\t<\/div>\n\t\t\t\t\t<\/div>\n\t\t<\/div>\n\t\t\t\t\t\t\t<\/div>\n\t\t<\/section>\n\t\t\t\t<section class=\"elementor-section elementor-top-section elementor-element elementor-element-4825df7 elementor-section-boxed elementor-section-height-default elementor-section-height-default\" data-id=\"4825df7\" data-element_type=\"section\">\n\t\t\t\t\t\t<div class=\"elementor-container elementor-column-gap-default\">\n\t\t\t\t\t<div class=\"elementor-column elementor-col-50 elementor-top-column elementor-element elementor-element-27de251\" data-id=\"27de251\" data-element_type=\"column\" data-settings=\"{&quot;background_background&quot;:&quot;classic&quot;,&quot;background_motion_fx_motion_fx_scrolling&quot;:&quot;yes&quot;,&quot;background_motion_fx_translateY_effect&quot;:&quot;yes&quot;,&quot;background_motion_fx_translateY_speed&quot;:{&quot;unit&quot;:&quot;px&quot;,&quot;size&quot;:4,&quot;sizes&quot;:[]},&quot;background_motion_fx_translateY_affectedRange&quot;:{&quot;unit&quot;:&quot;%&quot;,&quot;size&quot;:&quot;&quot;,&quot;sizes&quot;:{&quot;start&quot;:0,&quot;end&quot;:100}},&quot;background_motion_fx_devices&quot;:[&quot;desktop&quot;,&quot;tablet&quot;,&quot;mobile&quot;]}\">\n\t\t\t<div class=\"elementor-widget-wrap elementor-element-populated\">\n\t\t\t\t\t\t\t\t<div class=\"elementor-element elementor-element-bdaa3cd elementor-widget elementor-widget-spacer\" data-id=\"bdaa3cd\" data-element_type=\"widget\" data-widget_type=\"spacer.default\">\n\t\t\t\t<div class=\"elementor-widget-container\">\n\t\t\t\t\t<div class=\"elementor-spacer\">\n\t\t\t<div class=\"elementor-spacer-inner\"><\/div>\n\t\t<\/div>\n\t\t\t\t<\/div>\n\t\t\t\t<\/div>\n\t\t\t\t\t<\/div>\n\t\t<\/div>\n\t\t\t\t<div class=\"elementor-column elementor-col-50 elementor-top-column elementor-element elementor-element-38d2b4f\" data-id=\"38d2b4f\" data-element_type=\"column\" data-settings=\"{&quot;background_background&quot;:&quot;classic&quot;}\">\n\t\t\t<div class=\"elementor-widget-wrap elementor-element-populated\">\n\t\t\t\t\t\t\t\t<div class=\"elementor-element elementor-element-71a0b16 elementor-widget elementor-widget-text-editor\" data-id=\"71a0b16\" data-element_type=\"widget\" data-widget_type=\"text-editor.default\">\n\t\t\t\t<div class=\"elementor-widget-container\">\n\t\t\t\t\t\t\t<p>Otonom Technologies is continuing to develop the capabilities of its TETRON ground-based multi-rotor\/rotary wing Unmanned Aerial Vehicle (UAV) system.  For the rest of the news published in MSI Turkish Defence Review:<\/p>\t\t\t\t\t\t<\/div>\n\t\t\t\t<\/div>\n\t\t\t\t<div class=\"elementor-element elementor-element-f078b77 elementor-widget elementor-widget-text-editor\" data-id=\"f078b77\" data-element_type=\"widget\" data-no-translation=\"\" data-widget_type=\"text-editor.default\">\n\t\t\t\t<div class=\"elementor-widget-container\">\n\t\t\t<style>.elementor-element-f078b77{display:none !important}<\/style>\t\t<\/div>\n\t\t\t\t<\/div>\n\t\t\t\t<div class=\"elementor-element elementor-element-d82e432 elementor-widget elementor-widget-text-editor\" data-id=\"d82e432\" data-element_type=\"widget\" data-no-translation=\"\" data-widget_type=\"text-editor.default\">\n\t\t\t\t<div class=\"elementor-widget-container\">\n\t\t\t\t\t\t\t<a href=\"https:\/\/www.savunmahaber.com\/en\/otonom-technologies-tetron-new-power-unit\/\" target=\"_blank\">https:\/\/www.savunmahaber.com\/en\/otonom-technologies-tetron-new-power-unit\/<\/a>\t\t\t\t\t\t<\/div>\n\t\t\t\t<\/div>\n\t\t\t\t\t<\/div>\n\t\t<\/div>\n\t\t\t\t\t\t\t<\/div>\n\t\t<\/section>\n\t\t\t\t<section class=\"elementor-section elementor-top-section elementor-element elementor-element-e3af1f2 elementor-hidden-mobile elementor-section-boxed elementor-section-height-default elementor-section-height-default\" data-id=\"e3af1f2\" data-element_type=\"section\">\n\t\t\t\t\t\t<div class=\"elementor-container elementor-column-gap-default\">\n\t\t\t\t\t<div class=\"elementor-column elementor-col-100 elementor-top-column elementor-element elementor-element-9f29e6a\" data-id=\"9f29e6a\" data-element_type=\"column\">\n\t\t\t<div class=\"elementor-widget-wrap elementor-element-populated\">\n\t\t\t\t\t\t\t\t<div class=\"elementor-element elementor-element-016e12f elementor-widget__width-initial elementor-fixed elementor-widget-mobile__width-initial elementor-widget elementor-widget-accordion\" data-id=\"016e12f\" data-element_type=\"widget\" data-settings=\"{&quot;_position&quot;:&quot;fixed&quot;}\" data-widget_type=\"accordion.default\">\n\t\t\t\t<div class=\"elementor-widget-container\">\n\t\t\t\t\t<div class=\"elementor-accordion\" role=\"tablist\">\n\t\t\t\t\t\t\t<div class=\"elementor-accordion-item\">\n\t\t\t\t\t<div id=\"elementor-tab-title-1491\" class=\"elementor-tab-title\" data-tab=\"1\" role=\"tab\" aria-controls=\"elementor-tab-content-1491\" aria-expanded=\"false\">\n\t\t\t\t\t\t\t\t\t\t\t\t\t<span class=\"elementor-accordion-icon elementor-accordion-icon-left\" aria-hidden=\"true\">\n\t\t\t\t\t\t\t\t\t\t\t\t\t\t\t<span class=\"elementor-accordion-icon-closed\"><i class=\"fas fa-envelope\"><\/i><\/span>\n\t\t\t\t\t\t\t\t<span class=\"elementor-accordion-icon-opened\"><i class=\"fas fa-envelope-open\"><\/i><\/span>\n\t\t\t\t\t\t\t\t\t\t\t\t\t\t<\/span>\n\t\t\t\t\t\t\t\t\t\t\t\t<a class=\"elementor-accordion-title\" href=\"\">Get a Quote !<\/a>\n\t\t\t\t\t<\/div>\n\t\t\t\t\t<div id=\"elementor-tab-content-1491\" class=\"elementor-tab-content elementor-clearfix\" data-tab=\"1\" role=\"tabpanel\" aria-labelledby=\"elementor-tab-title-1491\">Lorem ipsum dolor sit amet, consectetur adipiscing elit. Ut elit tellus, luctus nec ullamcorper mattis, pulvinar dapibus leo.<\/div>\n\t\t\t\t<\/div>\n\t\t\t\t\t\t\t<div class=\"elementor-accordion-item\">\n\t\t\t\t\t<div id=\"elementor-tab-title-1492\" class=\"elementor-tab-title\" data-tab=\"2\" role=\"tab\" aria-controls=\"elementor-tab-content-1492\" aria-expanded=\"false\">\n\t\t\t\t\t\t\t\t\t\t\t\t\t<span class=\"elementor-accordion-icon elementor-accordion-icon-left\" aria-hidden=\"true\">\n\t\t\t\t\t\t\t\t\t\t\t\t\t\t\t<span class=\"elementor-accordion-icon-closed\"><i class=\"fas fa-envelope\"><\/i><\/span>\n\t\t\t\t\t\t\t\t<span class=\"elementor-accordion-icon-opened\"><i class=\"fas fa-envelope-open\"><\/i><\/span>\n\t\t\t\t\t\t\t\t\t\t\t\t\t\t<\/span>\n\t\t\t\t\t\t\t\t\t\t\t\t<a class=\"elementor-accordion-title\" href=\"\">Get a Quote!<\/a>\n\t\t\t\t\t<\/div>\n\t\t\t\t\t<div id=\"elementor-tab-content-1492\" class=\"elementor-tab-content elementor-clearfix\" data-tab=\"2\" role=\"tabpanel\" aria-labelledby=\"elementor-tab-title-1492\"><div style=\"display: flex; flex-direction: column; align-items: center;\">\n<p style=\"text-align: center;\" class=\" translation-block\">Contact us for a quote or for more information about <span class=\"paint-accent-color\">TETRON<\/span>!<\/p>\n\n<div style=\"border: 1px solid white; width: 70%;\">\n<p style=\"text-align: center; padding-top: 15px;\"><a style=\"text-decoration: none; color: white; font-size: 17pt;\" href=\"https:\/\/tetron.com.tr\/en\/contact\/\">CONTACT<\/a><\/p>\n\n<\/div>\n<\/div><\/div>\n\t\t\t\t<\/div>\n\t\t\t\t\t\t\t\t<\/div>\n\t\t\t\t<\/div>\n\t\t\t\t<\/div>\n\t\t\t\t\t<\/div>\n\t\t<\/div>\n\t\t\t\t\t\t\t<\/div>\n\t\t<\/section>\n\t\t\t\t<section class=\"elementor-section elementor-top-section elementor-element elementor-element-f92a78d elementor-hidden-desktop elementor-hidden-tablet elementor-section-boxed elementor-section-height-default elementor-section-height-default\" data-id=\"f92a78d\" data-element_type=\"section\">\n\t\t\t\t\t\t<div class=\"elementor-container elementor-column-gap-default\">\n\t\t\t\t\t<div class=\"elementor-column elementor-col-100 elementor-top-column elementor-element elementor-element-e24c2c8\" data-id=\"e24c2c8\" data-element_type=\"column\">\n\t\t\t<div class=\"elementor-widget-wrap elementor-element-populated\">\n\t\t\t\t\t\t\t\t<div class=\"elementor-element elementor-element-710192d elementor-widget__width-initial elementor-fixed elementor-widget-mobile__width-initial elementor-widget elementor-widget-accordion\" data-id=\"710192d\" data-element_type=\"widget\" data-settings=\"{&quot;_position&quot;:&quot;fixed&quot;}\" data-widget_type=\"accordion.default\">\n\t\t\t\t<div class=\"elementor-widget-container\">\n\t\t\t\t\t<div class=\"elementor-accordion\" role=\"tablist\">\n\t\t\t\t\t\t\t<div class=\"elementor-accordion-item\">\n\t\t\t\t\t<div id=\"elementor-tab-title-1181\" class=\"elementor-tab-title\" data-tab=\"1\" role=\"tab\" aria-controls=\"elementor-tab-content-1181\" aria-expanded=\"false\">\n\t\t\t\t\t\t\t\t\t\t\t\t\t<span class=\"elementor-accordion-icon elementor-accordion-icon-right\" aria-hidden=\"true\">\n\t\t\t\t\t\t\t\t\t\t\t\t\t\t\t<span class=\"elementor-accordion-icon-closed\"><i class=\"fas fa-envelope\"><\/i><\/span>\n\t\t\t\t\t\t\t\t<span class=\"elementor-accordion-icon-opened\"><i class=\"fas fa-envelope-open\"><\/i><\/span>\n\t\t\t\t\t\t\t\t\t\t\t\t\t\t<\/span>\n\t\t\t\t\t\t\t\t\t\t\t\t<a class=\"elementor-accordion-title\" href=\"\">Get a Quote !<\/a>\n\t\t\t\t\t<\/div>\n\t\t\t\t\t<div id=\"elementor-tab-content-1181\" class=\"elementor-tab-content elementor-clearfix\" data-tab=\"1\" role=\"tabpanel\" aria-labelledby=\"elementor-tab-title-1181\">Lorem ipsum dolor sit amet, consectetur adipiscing elit. Ut elit tellus, luctus nec ullamcorper mattis, pulvinar dapibus leo.<\/div>\n\t\t\t\t<\/div>\n\t\t\t\t\t\t\t<div class=\"elementor-accordion-item\">\n\t\t\t\t\t<div id=\"elementor-tab-title-1182\" class=\"elementor-tab-title\" data-tab=\"2\" role=\"tab\" aria-controls=\"elementor-tab-content-1182\" aria-expanded=\"false\">\n\t\t\t\t\t\t\t\t\t\t\t\t\t<span class=\"elementor-accordion-icon elementor-accordion-icon-right\" aria-hidden=\"true\">\n\t\t\t\t\t\t\t\t\t\t\t\t\t\t\t<span class=\"elementor-accordion-icon-closed\"><i class=\"fas fa-envelope\"><\/i><\/span>\n\t\t\t\t\t\t\t\t<span class=\"elementor-accordion-icon-opened\"><i class=\"fas fa-envelope-open\"><\/i><\/span>\n\t\t\t\t\t\t\t\t\t\t\t\t\t\t<\/span>\n\t\t\t\t\t\t\t\t\t\t\t\t<a class=\"elementor-accordion-title\" href=\"\">Get a Quote!<\/a>\n\t\t\t\t\t<\/div>\n\t\t\t\t\t<div id=\"elementor-tab-content-1182\" class=\"elementor-tab-content elementor-clearfix\" data-tab=\"2\" role=\"tabpanel\" aria-labelledby=\"elementor-tab-title-1182\"><div style=\"display: flex; flex-direction: column; align-items: center;\">\n<p style=\"text-align: center;\" class=\" translation-block\">Contact us for a quote or for more information about <span class=\"paint-accent-color\">TETRON<\/span>!<\/p>\n\n<div style=\"border: 1px solid white; width: 70%;\">\n<p style=\"text-align: center; padding-top: 15px;\"><a style=\"text-decoration: none; color: white; font-size: 17pt;\" href=\"https:\/\/tetron.com.tr\/en\/contact\/\">CONTACT<\/a><\/p>\n\n<\/div>\n<\/div><\/div>\n\t\t\t\t<\/div>\n\t\t\t\t\t\t\t\t<\/div>\n\t\t\t\t<\/div>\n\t\t\t\t<\/div>\n\t\t\t\t\t<\/div>\n\t\t<\/div>\n\t\t\t\t\t\t\t<\/div>\n\t\t<\/section>\n\t\t\t\t\t\t<\/div>\n\t\t\t\t\t<\/div>","protected":false},"excerpt":{"rendered":"<p>Haberler 14 Ekim 2021 Otonom Teknoloji TETRON\u00ae \u0130HA Sistemi, Envantere Girdi Otonom Teknoloji taraf\u0131ndan geli\u015ftirilen ve sabit ya da hareketli platformlara ba\u011fl\u0131 (tethered) bir insans\u0131z hava arac\u0131 sistemi olan TETRON\u00ae, 1 Eyl\u00fcl itibar\u0131yla T\u00fcrk Silahl\u0131 Kuvvetlerinin envanterine girdi. Sistem, s\u0131n\u0131r karakollar\u0131nda g\u00f6zlem ve hedef takibi i\u00e7in kullan\u0131l\u0131yor. Geli\u015fme, Otonom Teknoloji taraf\u0131ndan, 14 Ekim\u2019de duyuruldu. MSI&hellip;<\/p>","protected":false},"author":1,"featured_media":0,"parent":0,"menu_order":20,"comment_status":"closed","ping_status":"closed","template":"","meta":{"inline_featured_image":false},"yoast_head":"<!-- This site is optimized with the Yoast SEO plugin v18.8 - https:\/\/yoast.com\/wordpress\/plugins\/seo\/ -->\n<title>Haberler | Tetron<\/title>\n<meta name=\"description\" content=\"Haberler Tethered Drone Haberler % Tetron, Tetron Autonomous Tethered Drone Solutions\" \/>\n<meta name=\"robots\" content=\"index, follow, max-snippet:-1, max-image-preview:large, max-video-preview:-1\" \/>\n<link rel=\"canonical\" href=\"https:\/\/tetron.com.tr\/en\/news\/\" \/>\n<meta property=\"og:locale\" content=\"en_US\" \/>\n<meta property=\"og:type\" content=\"article\" \/>\n<meta property=\"og:title\" content=\"Haberler | Tetron\" \/>\n<meta property=\"og:description\" content=\"Haberler Tethered Drone Haberler % Tetron, Tetron Autonomous Tethered Drone Solutions\" \/>\n<meta property=\"og:url\" content=\"https:\/\/tetron.com.tr\/en\/news\/\" \/>\n<meta property=\"og:site_name\" content=\"Tetron\" \/>\n<meta property=\"article:modified_time\" content=\"2024-08-20T11:49:59+00:00\" \/>\n<meta name=\"twitter:card\" content=\"summary_large_image\" \/>\n<meta name=\"twitter:site\" content=\"@otonomteknoloji\" \/>\n<meta name=\"twitter:label1\" content=\"Est. reading time\" \/>\n\t<meta name=\"twitter:data1\" content=\"2 minutes\" \/>\n<script type=\"application\/ld+json\" class=\"yoast-schema-graph\">{\"@context\":\"https:\/\/schema.org\",\"@graph\":[{\"@type\":\"Organization\",\"@id\":\"https:\/\/tetron.com.tr\/#organization\",\"name\":\"Autonomous Tethered Drone Solutions\",\"url\":\"https:\/\/tetron.com.tr\/\",\"sameAs\":[\"https:\/\/twitter.com\/otonomteknoloji\"],\"logo\":{\"@type\":\"ImageObject\",\"inLanguage\":\"en-US\",\"@id\":\"https:\/\/tetron.com.tr\/#\/schema\/logo\/image\/\",\"url\":\"https:\/\/tetron.com.tr\/wp-content\/uploads\/2021\/10\/tetron_amblem_32x32.png\",\"contentUrl\":\"https:\/\/tetron.com.tr\/wp-content\/uploads\/2021\/10\/tetron_amblem_32x32.png\",\"width\":32,\"height\":32,\"caption\":\"Autonomous Tethered Drone Solutions\"},\"image\":{\"@id\":\"https:\/\/tetron.com.tr\/#\/schema\/logo\/image\/\"}},{\"@type\":\"WebSite\",\"@id\":\"https:\/\/tetron.com.tr\/#website\",\"url\":\"https:\/\/tetron.com.tr\/\",\"name\":\"Tetron\",\"description\":\"Autonomous Tethered Drone Solutions\",\"publisher\":{\"@id\":\"https:\/\/tetron.com.tr\/#organization\"},\"potentialAction\":[{\"@type\":\"SearchAction\",\"target\":{\"@type\":\"EntryPoint\",\"urlTemplate\":\"https:\/\/tetron.com.tr\/?s={search_term_string}\"},\"query-input\":\"required name=search_term_string\"}],\"inLanguage\":\"en-US\"},{\"@type\":\"WebPage\",\"@id\":\"https:\/\/tetron.com.tr\/news\/#webpage\",\"url\":\"https:\/\/tetron.com.tr\/news\/\",\"name\":\"Haberler | Tetron\",\"isPartOf\":{\"@id\":\"https:\/\/tetron.com.tr\/#website\"},\"datePublished\":\"2021-10-15T10:19:26+00:00\",\"dateModified\":\"2024-08-20T11:49:59+00:00\",\"description\":\"Haberler Tethered Drone Haberler % Tetron, Tetron Autonomous Tethered Drone Solutions\",\"breadcrumb\":{\"@id\":\"https:\/\/tetron.com.tr\/news\/#breadcrumb\"},\"inLanguage\":\"en-US\",\"potentialAction\":[{\"@type\":\"ReadAction\",\"target\":[\"https:\/\/tetron.com.tr\/news\/\"]}]},{\"@type\":\"BreadcrumbList\",\"@id\":\"https:\/\/tetron.com.tr\/news\/#breadcrumb\",\"itemListElement\":[{\"@type\":\"ListItem\",\"position\":1,\"name\":\"Anasayfa\",\"item\":\"https:\/\/tetron.com.tr\/en\/\"},{\"@type\":\"ListItem\",\"position\":2,\"name\":\"Haberler\"}]}]}<\/script>\n<!-- \/ Yoast SEO plugin. -->","yoast_head_json":{"title":"Haberler | Tetron","description":"Haberler Tethered Drone Haberler % Tetron, Tetron Autonomous Tethered Drone Solutions","robots":{"index":"index","follow":"follow","max-snippet":"max-snippet:-1","max-image-preview":"max-image-preview:large","max-video-preview":"max-video-preview:-1"},"canonical":"https:\/\/tetron.com.tr\/en\/news\/","og_locale":"en_US","og_type":"article","og_title":"Haberler | Tetron","og_description":"Haberler Tethered Drone Haberler % Tetron, Tetron Autonomous Tethered Drone Solutions","og_url":"https:\/\/tetron.com.tr\/en\/news\/","og_site_name":"Tetron","article_modified_time":"2024-08-20T11:49:59+00:00","twitter_card":"summary_large_image","twitter_site":"@otonomteknoloji","twitter_misc":{"Est. reading time":"2 minutes"},"schema":{"@context":"https:\/\/schema.org","@graph":[{"@type":"Organization","@id":"https:\/\/tetron.com.tr\/#organization","name":"Autonomous Tethered Drone Solutions","url":"https:\/\/tetron.com.tr\/","sameAs":["https:\/\/twitter.com\/otonomteknoloji"],"logo":{"@type":"ImageObject","inLanguage":"en-US","@id":"https:\/\/tetron.com.tr\/#\/schema\/logo\/image\/","url":"https:\/\/tetron.com.tr\/wp-content\/uploads\/2021\/10\/tetron_amblem_32x32.png","contentUrl":"https:\/\/tetron.com.tr\/wp-content\/uploads\/2021\/10\/tetron_amblem_32x32.png","width":32,"height":32,"caption":"Autonomous Tethered Drone Solutions"},"image":{"@id":"https:\/\/tetron.com.tr\/#\/schema\/logo\/image\/"}},{"@type":"WebSite","@id":"https:\/\/tetron.com.tr\/#website","url":"https:\/\/tetron.com.tr\/","name":"Tetron","description":"Autonomous Tethered Drone Solutions","publisher":{"@id":"https:\/\/tetron.com.tr\/#organization"},"potentialAction":[{"@type":"SearchAction","target":{"@type":"EntryPoint","urlTemplate":"https:\/\/tetron.com.tr\/?s={search_term_string}"},"query-input":"required name=search_term_string"}],"inLanguage":"en-US"},{"@type":"WebPage","@id":"https:\/\/tetron.com.tr\/news\/#webpage","url":"https:\/\/tetron.com.tr\/news\/","name":"Haberler | Tetron","isPartOf":{"@id":"https:\/\/tetron.com.tr\/#website"},"datePublished":"2021-10-15T10:19:26+00:00","dateModified":"2024-08-20T11:49:59+00:00","description":"Haberler Tethered Drone Haberler % Tetron, Tetron Autonomous Tethered Drone Solutions","breadcrumb":{"@id":"https:\/\/tetron.com.tr\/news\/#breadcrumb"},"inLanguage":"en-US","potentialAction":[{"@type":"ReadAction","target":["https:\/\/tetron.com.tr\/news\/"]}]},{"@type":"BreadcrumbList","@id":"https:\/\/tetron.com.tr\/news\/#breadcrumb","itemListElement":[{"@type":"ListItem","position":1,"name":"Anasayfa","item":"https:\/\/tetron.com.tr\/en\/"},{"@type":"ListItem","position":2,"name":"Haberler"}]}]}},"_links":{"self":[{"href":"https:\/\/tetron.com.tr\/en\/wp-json\/wp\/v2\/pages\/7604"}],"collection":[{"href":"https:\/\/tetron.com.tr\/en\/wp-json\/wp\/v2\/pages"}],"about":[{"href":"https:\/\/tetron.com.tr\/en\/wp-json\/wp\/v2\/types\/page"}],"author":[{"embeddable":true,"href":"https:\/\/tetron.com.tr\/en\/wp-json\/wp\/v2\/users\/1"}],"replies":[{"embeddable":true,"href":"https:\/\/tetron.com.tr\/en\/wp-json\/wp\/v2\/comments?post=7604"}],"version-history":[{"count":44,"href":"https:\/\/tetron.com.tr\/en\/wp-json\/wp\/v2\/pages\/7604\/revisions"}],"predecessor-version":[{"id":8365,"href":"https:\/\/tetron.com.tr\/en\/wp-json\/wp\/v2\/pages\/7604\/revisions\/8365"}],"wp:attachment":[{"href":"https:\/\/tetron.com.tr\/en\/wp-json\/wp\/v2\/media?parent=7604"}],"curies":[{"name":"wp","href":"https:\/\/api.w.org\/{rel}","templated":true}]}}